{"id":622,"date":"2022-07-05T06:07:43","date_gmt":"2022-07-05T06:07:43","guid":{"rendered":"https:\/\/demo.creativethemes.com\/elementor\/car-service\/?page_id=622"},"modified":"2023-02-21T13:21:42","modified_gmt":"2023-02-21T13:21:42","slug":"about","status":"publish","type":"page","link":"https:\/\/decrypt-project.eu\/de\/about\/","title":{"rendered":"\u00dcber"},"content":{"rendered":"<div data-elementor-type=\"wp-page\" data-elementor-id=\"622\" class=\"elementor elementor-622\">\n\t\t\t\t<div class=\"elementor-element elementor-element-7a7a65c e-flex e-con-boxed wpr-particle-no wpr-jarallax-no wpr-parallax-no wpr-sticky-section-no wpr-column-slider-no wpr-equal-height-no elementor-invisible e-con e-parent\" data-id=\"7a7a65c\" data-element_type=\"container\" data-e-type=\"container\" data-settings=\"{&quot;background_background&quot;:&quot;classic&quot;,&quot;animation&quot;:&quot;slideInDown&quot;}\">\n\t\t\t\t\t<div class=\"e-con-inner\">\n\t\t\t\t<div class=\"elementor-element elementor-element-93a4c73 elementor-invisible elementor-widget elementor-widget-heading\" data-id=\"93a4c73\" data-element_type=\"widget\" data-e-type=\"widget\" data-settings=\"{&quot;_animation&quot;:&quot;bounceInUp&quot;}\" data-widget_type=\"heading.default\">\n\t\t\t\t<div class=\"elementor-widget-container\">\n\t\t\t\t\t<h2 class=\"elementor-heading-title elementor-size-default\">\u00dcber das Projekt<\/h2>\t\t\t\t<\/div>\n\t\t\t\t<\/div>\n\t\t\t\t<div class=\"elementor-element elementor-element-798206b elementor-widget-divider--view-line elementor-widget elementor-widget-divider\" data-id=\"798206b\" data-element_type=\"widget\" data-e-type=\"widget\" data-widget_type=\"divider.default\">\n\t\t\t\t<div class=\"elementor-widget-container\">\n\t\t\t\t\t\t\t<div class=\"elementor-divider\">\n\t\t\t<span class=\"elementor-divider-separator\">\n\t\t\t\t\t\t<\/span>\n\t\t<\/div>\n\t\t\t\t\t\t<\/div>\n\t\t\t\t<\/div>\n\t\t\t\t\t<\/div>\n\t\t\t\t<\/div>\n\t\t<div class=\"elementor-element elementor-element-f192171 animated-slow e-flex e-con-boxed wpr-particle-no wpr-jarallax-no wpr-parallax-no wpr-sticky-section-no wpr-column-slider-no wpr-equal-height-no elementor-invisible e-con e-parent\" data-id=\"f192171\" data-element_type=\"container\" data-e-type=\"container\" data-settings=\"{&quot;animation&quot;:&quot;bounceInUp&quot;}\">\n\t\t\t\t\t<div class=\"e-con-inner\">\n\t\t<div class=\"elementor-element elementor-element-7753cff e-con-full e-flex wpr-particle-no wpr-jarallax-no wpr-parallax-no wpr-sticky-section-no wpr-column-slider-no wpr-equal-height-no e-con e-parent\" data-id=\"7753cff\" data-element_type=\"container\" data-e-type=\"container\">\n\t\t\t\t<div class=\"elementor-element elementor-element-5685a0b elementor-widget elementor-widget-heading\" data-id=\"5685a0b\" data-element_type=\"widget\" data-e-type=\"widget\" data-widget_type=\"heading.default\">\n\t\t\t\t<div class=\"elementor-widget-container\">\n\t\t\t\t\t<h2 class=\"elementor-heading-title elementor-size-default\">Verbesserung der digitalen und wissenschaftlichen Kompetenz von Erwachsenen<\/h2>\t\t\t\t<\/div>\n\t\t\t\t<\/div>\n\t\t\t\t<\/div>\n\t\t<div class=\"elementor-element elementor-element-e1a586c e-con-full e-flex wpr-particle-no wpr-jarallax-no wpr-parallax-no wpr-sticky-section-no wpr-column-slider-no wpr-equal-height-no e-con e-parent\" data-id=\"e1a586c\" data-element_type=\"container\" data-e-type=\"container\">\n\t\t\t\t<div class=\"elementor-element elementor-element-fe2706a elementor-widget elementor-widget-text-editor\" data-id=\"fe2706a\" data-element_type=\"widget\" data-e-type=\"widget\" data-widget_type=\"text-editor.default\">\n\t\t\t\t<div class=\"elementor-widget-container\">\n\t\t\t\t\t\t\t\t\t<p>Die Bildung ist bestrebt, mit der sich schnell ver\u00e4ndernden Welt, in der wir leben, Schritt zu halten, insbesondere f\u00fcr die Teile der Gesellschaft, die nicht immer in formale Bildungsprogramme eingebunden sind, wie Erwachsene, und in sich schnell entwickelnden Bereichen wie digitale Kompetenzen, neue Medien und Wissenschaft. Die Europ\u00e4ische Kommission hat als eine ihrer Priorit\u00e4ten die wissenschaftliche Bildung f\u00fcr eine verantwortungsvolle Staatsb\u00fcrgerschaft festgelegt und folgt dem Rahmen f\u00fcr digitale Kompetenz 2.0, der die Informations- und Datenkompetenz als eine der grundlegenden Komponenten der digitalen Kompetenz betrachtet. DECRYPT - Digital and sciEntifiC liteRacY uPskilling for adulTs (Digitale und wissenschaftliche Bildung f\u00fcr Erwachsene) will den Austausch bew\u00e4hrter Praktiken der digitalen und wissenschaftlichen Bildung f\u00fcr Erwachsene f\u00f6rdern, um ein besseres Verst\u00e4ndnis wissenschaftlicher Konzepte zu erreichen und dabei zu helfen, zuverl\u00e4ssige Quellen in den neuen Medien zu identifizieren.<\/p>\t\t\t\t\t\t\t\t<\/div>\n\t\t\t\t<\/div>\n\t\t\t\t<\/div>\n\t\t\t\t\t<\/div>\n\t\t\t\t<\/div>\n\t\t<div class=\"elementor-element elementor-element-c8b4aad e-flex e-con-boxed wpr-particle-no wpr-jarallax-no wpr-parallax-no wpr-sticky-section-no wpr-column-slider-no wpr-equal-height-no elementor-invisible e-con e-parent\" data-id=\"c8b4aad\" data-element_type=\"container\" data-e-type=\"container\" data-settings=\"{&quot;animation&quot;:&quot;bounceInLeft&quot;}\">\n\t\t\t\t\t<div class=\"e-con-inner\">\n\t\t\t\t<div class=\"elementor-element elementor-element-e015def elementor-widget elementor-widget-heading\" data-id=\"e015def\" data-element_type=\"widget\" data-e-type=\"widget\" data-widget_type=\"heading.default\">\n\t\t\t\t<div class=\"elementor-widget-container\">\n\t\t\t\t\t<h2 class=\"elementor-heading-title elementor-size-default\">DECRYPT beabsichtigt, die folgenden Aktivit\u00e4ten durchzuf\u00fchren: <\/h2>\t\t\t\t<\/div>\n\t\t\t\t<\/div>\n\t\t\t\t\t<\/div>\n\t\t\t\t<\/div>\n\t\t<div class=\"elementor-element elementor-element-4250891 e-flex e-con-boxed wpr-particle-no wpr-jarallax-no wpr-parallax-no wpr-sticky-section-no wpr-column-slider-no wpr-equal-height-no elementor-invisible e-con e-parent\" data-id=\"4250891\" data-element_type=\"container\" data-e-type=\"container\" data-settings=\"{&quot;animation&quot;:&quot;bounceInUp&quot;}\">\n\t\t\t\t\t<div class=\"e-con-inner\">\n\t\t<div class=\"elementor-element elementor-element-b850028 e-con-full e-flex wpr-particle-no wpr-jarallax-no wpr-parallax-no wpr-sticky-section-no wpr-column-slider-no wpr-equal-height-no e-con e-parent\" data-id=\"b850028\" data-element_type=\"container\" data-e-type=\"container\" data-settings=\"{&quot;background_background&quot;:&quot;classic&quot;}\">\n\t\t\t\t<div class=\"elementor-element elementor-element-6c4ae6e elementor-drop-cap-yes elementor-drop-cap-view-default elementor-widget elementor-widget-text-editor\" data-id=\"6c4ae6e\" data-element_type=\"widget\" data-e-type=\"widget\" data-settings=\"{&quot;drop_cap&quot;:&quot;yes&quot;}\" data-widget_type=\"text-editor.default\">\n\t\t\t\t<div class=\"elementor-widget-container\">\n\t\t\t\t\t\t\t\t\t<p>1Erstellung eines Schulungsformats, das einen detaillierten \u00dcberblick \u00fcber die Forschungsergebnisse des Projekts enth\u00e4lt, einschlie\u00dflich bew\u00e4hrter Verfahren und der Ergebnisse von Fokusgruppen mit Erwachsenen und Organisationen in der Erwachsenenbildung. Das Ergebnis wird in mehreren Sprachen (die der einzelnen Partner sowie Englisch) ver\u00f6ffentlicht und als OER auf den Websites der Partner sowie auf der Webplattform des Projekts zur Verf\u00fcgung gestellt, um seine Sichtbarkeit, Nutzbarkeit und Verbreitung zu maximieren. Inhaltlich wird das Schulungsformat auf die Bed\u00fcrfnisse von Erwachsenen und Erwachsenenbildnern zugeschnitten sein, um die Entwicklung von Wissen, F\u00e4higkeiten und Kompetenzen im Bereich der digitalen und wissenschaftlichen Kompetenz zu f\u00f6rdern. Das Schulungsformat wird skalierbar sein, auf Grundkenntnisse abzielen, aber auch ein h\u00f6heres Wissensniveau anstreben und letztlich das Ziel verfolgen, digitale und wissenschaftliche Kompetenzen als grundlegende Referenzen f\u00fcr informierte, aktive und engagierte B\u00fcrger zu f\u00f6rdern.<\/p>\t\t\t\t\t\t\t\t<\/div>\n\t\t\t\t<\/div>\n\t\t\t\t<\/div>\n\t\t<div class=\"elementor-element elementor-element-5c0d799 e-con-full e-flex wpr-particle-no wpr-jarallax-no wpr-parallax-no wpr-sticky-section-no wpr-column-slider-no wpr-equal-height-no e-con e-parent\" data-id=\"5c0d799\" data-element_type=\"container\" data-e-type=\"container\" data-settings=\"{&quot;background_background&quot;:&quot;classic&quot;}\">\n\t\t\t\t<div class=\"elementor-element elementor-element-eed8ee9 elementor-drop-cap-yes elementor-drop-cap-view-default elementor-widget elementor-widget-text-editor\" data-id=\"eed8ee9\" data-element_type=\"widget\" data-e-type=\"widget\" data-settings=\"{&quot;drop_cap&quot;:&quot;yes&quot;}\" data-widget_type=\"text-editor.default\">\n\t\t\t\t<div class=\"elementor-widget-container\">\n\t\t\t\t\t\t\t\t\t<p>2A Joint Staff Training Event (JSTE) wird 3 Teilnehmer pro Partner umfassen, die im Bereich der digitalen und wissenschaftlichen Bildung f\u00fcr Erwachsene unterrichten. Die Teilnehmer werden mit der Diskussion der Forschungsergebnisse beginnen und durch den Austausch ihrer Erfahrungen und Kenntnisse auch ein Feedback zum Schulungsformat geben, um es zu verbessern.<\/p>\t\t\t\t\t\t\t\t<\/div>\n\t\t\t\t<\/div>\n\t\t\t\t<\/div>\n\t\t\t\t\t<\/div>\n\t\t\t\t<\/div>\n\t\t<div class=\"elementor-element elementor-element-55eafd3 e-flex e-con-boxed wpr-particle-no wpr-jarallax-no wpr-parallax-no wpr-sticky-section-no wpr-column-slider-no wpr-equal-height-no e-con e-parent\" data-id=\"55eafd3\" data-element_type=\"container\" data-e-type=\"container\">\n\t\t\t\t\t<div class=\"e-con-inner\">\n\t\t\t\t<div class=\"elementor-element elementor-element-d463c1c elementor-widget elementor-widget-spacer\" data-id=\"d463c1c\" data-element_type=\"widget\" data-e-type=\"widget\" data-widget_type=\"spacer.default\">\n\t\t\t\t<div class=\"elementor-widget-container\">\n\t\t\t\t\t\t\t<div class=\"elementor-spacer\">\n\t\t\t<div class=\"elementor-spacer-inner\"><\/div>\n\t\t<\/div>\n\t\t\t\t\t\t<\/div>\n\t\t\t\t<\/div>\n\t\t\t\t\t<\/div>\n\t\t\t\t<\/div>\n\t\t\t\t<\/div>","protected":false},"excerpt":{"rendered":"<p>\u00dcber das Projekt Digital and Scientific Literacy Upskilling For Adults (Digitale und wissenschaftliche Kompetenzerweiterung f\u00fcr Erwachsene) Die Bildung ist bestrebt, mit der sich schnell ver\u00e4ndernden Welt, in der wir leben, Schritt zu halten, insbesondere f\u00fcr die Teile der Gesellschaft, die nicht immer in formale Bildungsprogramme eingebunden sind, wie die Erwachsenen, und in sich schnell entwickelnden Bereichen wie digitale Kompetenzen, neue Medien und Wissenschaft. Die Europ\u00e4ische Kommission hat als eine ihrer Priorit\u00e4ten die wissenschaftliche Bildung f\u00fcr eine verantwortungsvolle Staatsb\u00fcrgerschaft festgelegt und folgt dem Rahmen f\u00fcr digitale Kompetenz 2.0, der die Informations- und Datenkompetenz als eine der grundlegenden Komponenten der digitalen Kompetenz betrachtet. DECRYPT - Digital and sciEntifiC liteRacY uPskilling for adulTs (Digitale und wissenschaftliche Bildung f\u00fcr Erwachsene) beabsichtigt, den Austausch bew\u00e4hrter Praktiken der digitalen und wissenschaftlichen Bildung f\u00fcr Erwachsene zu f\u00f6rdern, um ein besseres Verst\u00e4ndnis wissenschaftlicher Konzepte zu erreichen und dabei zu helfen, zuverl\u00e4ssige Quellen in den neuen Medien zu identifizieren. DECRYPT sieht folgende Aktivit\u00e4ten vor: 1 Erstellung eines Schulungsformats, das einen detaillierten \u00dcberblick \u00fcber die Forschungsergebnisse des Projekts enth\u00e4lt, einschlie\u00dflich bew\u00e4hrter Verfahren und der Ergebnisse von Fokusgruppen mit Erwachsenen und Organisationen in der Erwachsenenbildung. Das Ergebnis wird in mehreren Sprachen (die der einzelnen Partner sowie Englisch) ver\u00f6ffentlicht und als OER auf den Websites der Partner sowie auf der Webplattform des Projekts zur Verf\u00fcgung gestellt, um seine Sichtbarkeit, Nutzbarkeit und Verbreitung zu maximieren. Inhaltlich wird das Schulungsformat auf die Bed\u00fcrfnisse von Erwachsenen und Erwachsenenbildnern zugeschnitten sein, um die Entwicklung von Wissen, F\u00e4higkeiten und Kompetenzen im Bereich der digitalen und wissenschaftlichen Kompetenz zu f\u00f6rdern. Das Schulungsformat ist skalierbar, zielt auf Grundkenntnisse ab, soll aber auch ein h\u00f6heres Wissensniveau erreichen und verfolgt letztlich das Ziel, digitale und wissenschaftliche Kompetenzen als grundlegende Referenzen f\u00fcr informierte, aktive und engagierte B\u00fcrger zu f\u00f6rdern. 2A Joint Staff Training Event (JSTE) wird 3 Teilnehmer pro Partner umfassen, die in der digitalen und wissenschaftlichen Bildung von Erwachsenen ausgebildet sind. Die Teilnehmer werden mit der Diskussion der Forschungsergebnisse beginnen und ihre Erfahrungen und ihr Wissen mit anderen teilen, um das Schulungsformat zu verbessern.<\/p>","protected":false},"author":1,"featured_media":0,"parent":0,"menu_order":0,"comment_status":"closed","ping_status":"closed","template":"","meta":{"footnotes":""},"class_list":["post-622","page","type-page","status-publish","hentry"],"blocksy_meta":{"styles_descriptor":{"styles":{"desktop":"","tablet":"","mobile":""},"google_fonts":[],"version":6},"page_title_panel":"","has_hero_section":"disabled","2314b058ee0f189b680dd2ed328995de":"","hero_section":"type-1","hero_elements":[{"id":"custom_title","enabled":true,"heading_tag":"h1","title":"Startseite"},{"id":"custom_description","enabled":true,"description_visibility":{"desktop":true,"tablet":true,"mobile":false}},{"id":"custom_meta","enabled":false,"meta_elements":[{"id":"author","enabled":true,"label":"By","has_author_avatar":"yes","avatar_size":25},{"id":"post_date","enabled":true,"label":"On","date_format_source":"default","date_format":"M j, Y"},{"id":"updated_date","enabled":false,"label":"On","date_format_source":"default","date_format":"M j, Y"},{"id":"categories","enabled":false,"label":"In","style":"simple"},{"id":"comments","enabled":true}],"page_meta_elements":{"joined":true,"articles_count":true,"comments":true}},{"id":"breadcrumbs","enabled":false}],"82058aec85f9b527a240e4d601400a69":"","hero_alignment1":"CT_CSS_SKIP_RULE","hero_margin":40,"hero_alignment2":"center","hero_vertical_alignment":"center","ae4f98001e9f3beeb9428ec8bd47dc09":"","hero_structure":"narrow","85f8dd86cd11ab8c71ae0ed5103e26d8":"","page_title_bg_type":"featured_image","custom_hero_background":{"attachment_id":null},"page_title_image_size":"full","parallax":{"desktop":false,"tablet":false,"mobile":false},"fa1303f7ccb74ce9c93959dab70aabcc":"","hero_height":"250px","pageTitleFont":{"family":"Default","variation":"Default","size":"30px","line-height":"CT_CSS_SKIP_RULE","letter-spacing":"CT_CSS_SKIP_RULE","text-transform":"CT_CSS_SKIP_RULE","text-decoration":"CT_CSS_SKIP_RULE"},"pageTitleFontColor":{"default":{"color":"CT_CSS_SKIP_RULEDEFAULT"}},"pageMetaFont":{"family":"Default","variation":"n6","size":"12px","line-height":"1.3","letter-spacing":"CT_CSS_SKIP_RULE","text-transform":"uppercase","text-decoration":"CT_CSS_SKIP_RULE"},"pageMetaFontColor":{"default":{"color":"CT_CSS_SKIP_RULEDEFAULT"},"hover":{"color":"CT_CSS_SKIP_RULEDEFAULT"}},"page_meta_button_type_font_colors":{"default":{"color":"CT_CSS_SKIP_RULEDEFAULT"},"hover":{"color":"CT_CSS_SKIP_RULEDEFAULT"}},"page_meta_button_type_background_colors":{"default":{"color":"CT_CSS_SKIP_RULEDEFAULT"},"hover":{"color":"CT_CSS_SKIP_RULEDEFAULT"}},"pageExcerptFont":{"family":"Default","variation":"Default","size":"CT_CSS_SKIP_RULE","line-height":"CT_CSS_SKIP_RULE","letter-spacing":"CT_CSS_SKIP_RULE","text-transform":"CT_CSS_SKIP_RULE","text-decoration":"CT_CSS_SKIP_RULE"},"pageExcerptColor":{"default":{"color":"CT_CSS_SKIP_RULEDEFAULT"}},"breadcrumbsFont":{"family":"Default","variation":"Default","size":"CT_CSS_SKIP_RULE","line-height":"CT_CSS_SKIP_RULE","letter-spacing":"CT_CSS_SKIP_RULE","text-transform":"CT_CSS_SKIP_RULE","text-decoration":"CT_CSS_SKIP_RULE"},"breadcrumbsFontColor":{"default":{"color":"CT_CSS_SKIP_RULEDEFAULT"},"initial":{"color":"CT_CSS_SKIP_RULEDEFAULT"},"hover":{"color":"CT_CSS_SKIP_RULEDEFAULT"}},"pageTitleOverlay":{"background_type":"color","background_pattern":"type-1","background_image":{"attachment_id":null,"x":0,"y":0},"gradient":"linear-gradient(135deg,rgba(6,147,227,1) 0%,rgb(155,81,224) 100%)","background_repeat":"repeat","background_size":"auto","background_attachment":"scroll","patternColor":{"default":{"color":"#e5e7ea"}},"overlayColor":{"default":{"color":"CT_CSS_SKIP_RULE"}},"backgroundColor":{"default":{"color":"CT_CSS_SKIP_RULE"}}},"pageTitleBackground":{"background_type":"color","background_pattern":"type-1","background_image":{"attachment_id":null,"x":0,"y":0},"gradient":"linear-gradient(135deg,rgba(6,147,227,1) 0%,rgb(155,81,224) 100%)","background_repeat":"repeat","background_size":"auto","background_attachment":"scroll","patternColor":{"default":{"color":"#e5e7ea"}},"overlayColor":{"default":{"color":"CT_CSS_SKIP_RULE"}},"backgroundColor":{"default":{"color":"var(--theme-palette-color-6)"}}},"pageTitlePadding":{"top":"50px","bottom":"50px","left":"auto","right":"auto","linked":true},"21d7b0cad1ef42cc7d89b7a386c567b2":"","page_structure_type":"default","12227a02acb888730816991290be008b":"","content_style_source":"inherit","content_style":"wide","vertical_spacing_source":"custom","content_area_spacing":"none","background":{"background_type":"color","background_pattern":"type-1","background_image":{"attachment_id":null,"x":0,"y":0},"gradient":"linear-gradient(135deg,rgba(6,147,227,1) 0%,rgb(155,81,224) 100%)","background_repeat":"repeat","background_size":"auto","background_attachment":"scroll","patternColor":{"default":{"color":"#e5e7ea"}},"overlayColor":{"default":{"color":"CT_CSS_SKIP_RULE"}},"backgroundColor":{"default":{"color":"CT_CSS_SKIP_RULE"}}},"content_background":{"background_type":"color","background_pattern":"type-1","background_image":{"attachment_id":null,"x":0,"y":0},"gradient":"linear-gradient(135deg,rgba(6,147,227,1) 0%,rgb(155,81,224) 100%)","background_repeat":"repeat","background_size":"auto","background_attachment":"scroll","patternColor":{"default":{"color":"#e5e7ea"}},"overlayColor":{"default":{"color":"CT_CSS_SKIP_RULE"}},"backgroundColor":{"default":{"color":"var(--theme-palette-color-8)"}}},"content_boxed_shadow":{"inherit":false,"blur":18,"spread":-6,"v_offset":12,"h_offset":0,"inset":false,"enable":true,"color":{"color":"rgba(34, 56, 101, 0.04)"}},"content_boxed_border":{"width":1,"style":"none","color":{"color":"rgba(44,62,80,0.2)"}},"content_boxed_radius":{"top":"3px","bottom":"3px","left":"3px","right":"3px","linked":true},"boxed_content_spacing":{"desktop":{"top":"40px","bottom":"40px","left":"40px","right":"40px","linked":true},"tablet":{"top":"35px","bottom":"35px","left":"35px","right":"35px","linked":true},"mobile":{"top":"20px","bottom":"20px","left":"20px","right":"20px","linked":true}},"36f5050a174b5fc70148d8271cae0d82":"","disable_featured_image":"no","disable_share_box":"no","disable_header":"no","disable_footer":"no"},"_links":{"self":[{"href":"https:\/\/decrypt-project.eu\/de\/wp-json\/wp\/v2\/pages\/622","targetHints":{"allow":["GET"]}}],"collection":[{"href":"https:\/\/decrypt-project.eu\/de\/wp-json\/wp\/v2\/pages"}],"about":[{"href":"https:\/\/decrypt-project.eu\/de\/wp-json\/wp\/v2\/types\/page"}],"author":[{"embeddable":true,"href":"https:\/\/decrypt-project.eu\/de\/wp-json\/wp\/v2\/users\/1"}],"replies":[{"embeddable":true,"href":"https:\/\/decrypt-project.eu\/de\/wp-json\/wp\/v2\/comments?post=622"}],"version-history":[{"count":84,"href":"https:\/\/decrypt-project.eu\/de\/wp-json\/wp\/v2\/pages\/622\/revisions"}],"predecessor-version":[{"id":1604,"href":"https:\/\/decrypt-project.eu\/de\/wp-json\/wp\/v2\/pages\/622\/revisions\/1604"}],"wp:attachment":[{"href":"https:\/\/decrypt-project.eu\/de\/wp-json\/wp\/v2\/media?parent=622"}],"curies":[{"name":"wp","href":"https:\/\/api.w.org\/{rel}","templated":true}]}}